{"id":2326,"date":"2024-05-17T09:38:03","date_gmt":"2024-05-17T09:38:03","guid":{"rendered":"https:\/\/www.3k-znacky.cz\/?page_id=2326"},"modified":"2024-05-17T09:38:03","modified_gmt":"2024-05-17T09:38:03","slug":"eticky-kodex","status":"publish","type":"page","link":"https:\/\/www.3k-znacky.cz\/index.php\/eticky-kodex\/","title":{"rendered":"Etick\u00fd kodex"},"content":{"rendered":"<p><strong>ETICK\u00dd KODEX<\/strong><\/p>\n<a href=\"https:\/\/www.3k-znacky.cz\/wp-content\/uploads\/2024\/05\/Eticky-kodex_vnitrni-predpis.pdf\" class=\"pdfemb-viewer\" style=\"\" data-width=\"max\" data-height=\"max\"  data-toolbar=\"bottom\" data-toolbar-fixed=\"off\">Etick\u00fd kodex<br\/><\/a>\n","protected":false},"excerpt":{"rendered":"<p>ETICK\u00dd KODEX<\/p>\n","protected":false},"author":1,"featured_media":0,"parent":0,"menu_order":0,"comment_status":"closed","ping_status":"closed","template":"","meta":[],"yoast_head":"<!-- This site is optimized with the Yoast SEO plugin v21.1 - https:\/\/yoast.com\/wordpress\/plugins\/seo\/ -->\n<title>Etick\u00fd kodex - 3K zna\u010dky s.r.o.<\/title>\n<meta name=\"robots\" content=\"index, follow, max-snippet:-1, max-image-preview:large, max-video-preview:-1\" \/>\n<link rel=\"canonical\" href=\"https:\/\/www.3k-znacky.cz\/index.php\/eticky-kodex\/\" \/>\n<meta property=\"og:locale\" content=\"cs_CZ\" \/>\n<meta property=\"og:type\" content=\"article\" \/>\n<meta property=\"og:title\" content=\"Etick\u00fd kodex - 3K zna\u010dky s.r.o.\" \/>\n<meta property=\"og:description\" content=\"ETICK\u00dd KODEX\" \/>\n<meta property=\"og:url\" content=\"https:\/\/www.3k-znacky.cz\/index.php\/eticky-kodex\/\" \/>\n<meta property=\"og:site_name\" content=\"3K zna\u010dky s.r.o.\" \/>\n<meta property=\"article:publisher\" content=\"http:\/\/facebook.com\/3kznacky\" \/>\n<meta property=\"og:image\" content=\"https:\/\/www.3k-znacky.cz\/wp-content\/uploads\/2021\/06\/Logo-3kznacky_velke.png\" \/>\n\t<meta property=\"og:image:width\" content=\"671\" \/>\n\t<meta property=\"og:image:height\" content=\"361\" \/>\n\t<meta property=\"og:image:type\" content=\"image\/png\" \/>\n<meta name=\"twitter:card\" content=\"summary_large_image\" \/>\n<meta name=\"twitter:label1\" content=\"Odhadovan\u00e1 doba \u010dten\u00ed\" \/>\n\t<meta name=\"twitter:data1\" content=\"1 minuta\" \/>\n<script type=\"application\/ld+json\" class=\"yoast-schema-graph\">{\"@context\":\"https:\/\/schema.org\",\"@graph\":[{\"@type\":\"WebPage\",\"@id\":\"https:\/\/www.3k-znacky.cz\/index.php\/eticky-kodex\/\",\"url\":\"https:\/\/www.3k-znacky.cz\/index.php\/eticky-kodex\/\",\"name\":\"Etick\u00fd kodex - 3K zna\u010dky s.r.o.\",\"isPartOf\":{\"@id\":\"https:\/\/www.3k-znacky.cz\/#website\"},\"datePublished\":\"2024-05-17T09:38:03+00:00\",\"dateModified\":\"2024-05-17T09:38:03+00:00\",\"breadcrumb\":{\"@id\":\"https:\/\/www.3k-znacky.cz\/index.php\/eticky-kodex\/#breadcrumb\"},\"inLanguage\":\"cs\",\"potentialAction\":[{\"@type\":\"ReadAction\",\"target\":[\"https:\/\/www.3k-znacky.cz\/index.php\/eticky-kodex\/\"]}]},{\"@type\":\"BreadcrumbList\",\"@id\":\"https:\/\/www.3k-znacky.cz\/index.php\/eticky-kodex\/#breadcrumb\",\"itemListElement\":[{\"@type\":\"ListItem\",\"position\":1,\"name\":\"Dom\u016f\",\"item\":\"https:\/\/www.3k-znacky.cz\/\"},{\"@type\":\"ListItem\",\"position\":2,\"name\":\"Etick\u00fd kodex\"}]},{\"@type\":\"WebSite\",\"@id\":\"https:\/\/www.3k-znacky.cz\/#website\",\"url\":\"https:\/\/www.3k-znacky.cz\/\",\"name\":\"3K zna\u010dky s.r.o.\",\"description\":\"D\u011bl\u00e1me silnice bezpe\u010dn\u011bj\u0161\u00ed\",\"publisher\":{\"@id\":\"https:\/\/www.3k-znacky.cz\/#organization\"},\"alternateName\":\"3K zna\u010dky\",\"potentialAction\":[{\"@type\":\"SearchAction\",\"target\":{\"@type\":\"EntryPoint\",\"urlTemplate\":\"https:\/\/www.3k-znacky.cz\/?s={search_term_string}\"},\"query-input\":\"required name=search_term_string\"}],\"inLanguage\":\"cs\"},{\"@type\":\"Organization\",\"@id\":\"https:\/\/www.3k-znacky.cz\/#organization\",\"name\":\"3k zna\u010dky s.r.o.\",\"url\":\"https:\/\/www.3k-znacky.cz\/\",\"logo\":{\"@type\":\"ImageObject\",\"inLanguage\":\"cs\",\"@id\":\"https:\/\/www.3k-znacky.cz\/#\/schema\/logo\/image\/\",\"url\":\"https:\/\/www.3k-znacky.cz\/wp-content\/uploads\/2021\/06\/Logo-3kznacky_velke.png\",\"contentUrl\":\"https:\/\/www.3k-znacky.cz\/wp-content\/uploads\/2021\/06\/Logo-3kznacky_velke.png\",\"width\":671,\"height\":361,\"caption\":\"3k zna\u010dky s.r.o.\"},\"image\":{\"@id\":\"https:\/\/www.3k-znacky.cz\/#\/schema\/logo\/image\/\"},\"sameAs\":[\"http:\/\/facebook.com\/3kznacky\"]}]}<\/script>\n<!-- \/ Yoast SEO plugin. -->","yoast_head_json":{"title":"Etick\u00fd kodex - 3K zna\u010dky s.r.o.","robots":{"index":"index","follow":"follow","max-snippet":"max-snippet:-1","max-image-preview":"max-image-preview:large","max-video-preview":"max-video-preview:-1"},"canonical":"https:\/\/www.3k-znacky.cz\/index.php\/eticky-kodex\/","og_locale":"cs_CZ","og_type":"article","og_title":"Etick\u00fd kodex - 3K zna\u010dky s.r.o.","og_description":"ETICK\u00dd KODEX","og_url":"https:\/\/www.3k-znacky.cz\/index.php\/eticky-kodex\/","og_site_name":"3K zna\u010dky s.r.o.","article_publisher":"http:\/\/facebook.com\/3kznacky","og_image":[{"width":671,"height":361,"url":"https:\/\/www.3k-znacky.cz\/wp-content\/uploads\/2021\/06\/Logo-3kznacky_velke.png","type":"image\/png"}],"twitter_card":"summary_large_image","twitter_misc":{"Odhadovan\u00e1 doba \u010dten\u00ed":"1 minuta"},"schema":{"@context":"https:\/\/schema.org","@graph":[{"@type":"WebPage","@id":"https:\/\/www.3k-znacky.cz\/index.php\/eticky-kodex\/","url":"https:\/\/www.3k-znacky.cz\/index.php\/eticky-kodex\/","name":"Etick\u00fd kodex - 3K zna\u010dky s.r.o.","isPartOf":{"@id":"https:\/\/www.3k-znacky.cz\/#website"},"datePublished":"2024-05-17T09:38:03+00:00","dateModified":"2024-05-17T09:38:03+00:00","breadcrumb":{"@id":"https:\/\/www.3k-znacky.cz\/index.php\/eticky-kodex\/#breadcrumb"},"inLanguage":"cs","potentialAction":[{"@type":"ReadAction","target":["https:\/\/www.3k-znacky.cz\/index.php\/eticky-kodex\/"]}]},{"@type":"BreadcrumbList","@id":"https:\/\/www.3k-znacky.cz\/index.php\/eticky-kodex\/#breadcrumb","itemListElement":[{"@type":"ListItem","position":1,"name":"Dom\u016f","item":"https:\/\/www.3k-znacky.cz\/"},{"@type":"ListItem","position":2,"name":"Etick\u00fd kodex"}]},{"@type":"WebSite","@id":"https:\/\/www.3k-znacky.cz\/#website","url":"https:\/\/www.3k-znacky.cz\/","name":"3K zna\u010dky s.r.o.","description":"D\u011bl\u00e1me silnice bezpe\u010dn\u011bj\u0161\u00ed","publisher":{"@id":"https:\/\/www.3k-znacky.cz\/#organization"},"alternateName":"3K zna\u010dky","potentialAction":[{"@type":"SearchAction","target":{"@type":"EntryPoint","urlTemplate":"https:\/\/www.3k-znacky.cz\/?s={search_term_string}"},"query-input":"required name=search_term_string"}],"inLanguage":"cs"},{"@type":"Organization","@id":"https:\/\/www.3k-znacky.cz\/#organization","name":"3k zna\u010dky s.r.o.","url":"https:\/\/www.3k-znacky.cz\/","logo":{"@type":"ImageObject","inLanguage":"cs","@id":"https:\/\/www.3k-znacky.cz\/#\/schema\/logo\/image\/","url":"https:\/\/www.3k-znacky.cz\/wp-content\/uploads\/2021\/06\/Logo-3kznacky_velke.png","contentUrl":"https:\/\/www.3k-znacky.cz\/wp-content\/uploads\/2021\/06\/Logo-3kznacky_velke.png","width":671,"height":361,"caption":"3k zna\u010dky s.r.o."},"image":{"@id":"https:\/\/www.3k-znacky.cz\/#\/schema\/logo\/image\/"},"sameAs":["http:\/\/facebook.com\/3kznacky"]}]}},"_links":{"self":[{"href":"https:\/\/www.3k-znacky.cz\/index.php\/wp-json\/wp\/v2\/pages\/2326"}],"collection":[{"href":"https:\/\/www.3k-znacky.cz\/index.php\/wp-json\/wp\/v2\/pages"}],"about":[{"href":"https:\/\/www.3k-znacky.cz\/index.php\/wp-json\/wp\/v2\/types\/page"}],"author":[{"embeddable":true,"href":"https:\/\/www.3k-znacky.cz\/index.php\/wp-json\/wp\/v2\/users\/1"}],"replies":[{"embeddable":true,"href":"https:\/\/www.3k-znacky.cz\/index.php\/wp-json\/wp\/v2\/comments?post=2326"}],"version-history":[{"count":1,"href":"https:\/\/www.3k-znacky.cz\/index.php\/wp-json\/wp\/v2\/pages\/2326\/revisions"}],"predecessor-version":[{"id":2328,"href":"https:\/\/www.3k-znacky.cz\/index.php\/wp-json\/wp\/v2\/pages\/2326\/revisions\/2328"}],"wp:attachment":[{"href":"https:\/\/www.3k-znacky.cz\/index.php\/wp-json\/wp\/v2\/media?parent=2326"}],"curies":[{"name":"wp","href":"https:\/\/api.w.org\/{rel}","templated":true}]}}